{"id":12979,"date":"2026-01-27T13:16:24","date_gmt":"2026-01-27T12:16:24","guid":{"rendered":"https:\/\/www.glowingpeptides.com\/imprint\/"},"modified":"2026-04-02T12:18:18","modified_gmt":"2026-04-02T10:18:18","slug":"imprint","status":"publish","type":"page","link":"https:\/\/www.glowingpeptides.com\/en\/imprint\/","title":{"rendered":"Imprint"},"content":{"rendered":"\t\t<div data-elementor-type=\"wp-page\" data-elementor-id=\"12979\" class=\"elementor elementor-12979 elementor-10821\" data-elementor-post-type=\"page\">\n\t\t\t\t<div class=\"wd-negative-gap elementor-element elementor-element-d99b681 e-flex e-con-boxed e-con e-parent\" data-id=\"d99b681\" data-element_type=\"container\" data-e-type=\"container\">\n\t\t\t\t\t<div class=\"e-con-inner\">\n\t\t\t\t<div class=\"elementor-element elementor-element-5755780 wd-width-100 elementor-widget elementor-widget-wd_title\" data-id=\"5755780\" data-element_type=\"widget\" data-e-type=\"widget\" data-widget_type=\"wd_title.default\">\n\t\t\t\t<div class=\"elementor-widget-container\">\n\t\t\t\t\t\t\t<div class=\"title-wrapper wd-set-mb reset-last-child wd-title-color-default wd-title-style-default wd-title-size-medium text-left\">\n\n\t\t\t\n\t\t\t<div class=\"liner-continer\">\n\t\t\t\t<h2 class=\"woodmart-title-container title wd-fontsize-xl\">Imprint<\/h2> \n\t\t\t\t\t\t\t<\/div>\n\n\t\t\t\t\t<\/div>\n\t\t\t\t\t\t<\/div>\n\t\t\t\t<\/div>\n\t\t\t\t\t<\/div>\n\t\t\t\t<\/div>\n\t\t<div class=\"wd-negative-gap elementor-element elementor-element-8dd2558 e-flex e-con-boxed e-con e-parent\" data-id=\"8dd2558\" data-element_type=\"container\" data-e-type=\"container\">\n\t\t\t\t\t<div class=\"e-con-inner\">\n\t\t<div class=\"elementor-element elementor-element-89c291e e-con-full e-flex e-con e-child\" data-id=\"89c291e\" data-element_type=\"container\" data-e-type=\"container\">\n\t\t\t\t<div class=\"elementor-element elementor-element-a618b87 elementor-widget elementor-widget-heading\" data-id=\"a618b87\" data-element_type=\"widget\" data-e-type=\"widget\" data-widget_type=\"heading.default\">\n\t\t\t\t\t<h2 class=\"elementor-heading-title elementor-size-default\">Contact Details<\/h2>\t\t\t\t<\/div>\n\t\t\t\t<div class=\"elementor-element elementor-element-c3a926a checklist color-scheme-inherit text-left elementor-widget elementor-widget-text-editor\" data-id=\"c3a926a\" data-element_type=\"widget\" data-e-type=\"widget\" data-widget_type=\"text-editor.default\">\n\t\t\t\t\t\t\t\t\t<ul><li>E-mail: info@glowingpeptides.com<\/li><li>Phone: +48785886388<\/li><\/ul>\t\t\t\t\t\t\t\t<\/div>\n\t\t\t\t<\/div>\n\t\t<div class=\"elementor-element elementor-element-02d0696 e-con-full e-flex e-con e-child\" data-id=\"02d0696\" data-element_type=\"container\" data-e-type=\"container\">\n\t\t\t\t<div class=\"elementor-element elementor-element-5bea5a8 elementor-widget elementor-widget-heading\" data-id=\"5bea5a8\" data-element_type=\"widget\" data-e-type=\"widget\" data-widget_type=\"heading.default\">\n\t\t\t\t\t<h2 class=\"elementor-heading-title elementor-size-default\">Company Data<\/h2>\t\t\t\t<\/div>\n\t\t\t\t<div class=\"elementor-element elementor-element-2d7f74e checklist color-scheme-inherit text-left elementor-widget elementor-widget-text-editor\" data-id=\"2d7f74e\" data-element_type=\"widget\" data-e-type=\"widget\" data-widget_type=\"text-editor.default\">\n\t\t\t\t\t\t\t\t\t<ul><li>Shop Name: Glowing Peptides<\/li><li>Legal company name: ISAD E-COMMERCE SP\u00d3\u0141KA Z OGRANICZON\u0104 ODPOWIEDZIALNO\u015aCI\u0104<\/li><li>Address: ul. Juliusza S\u0142owackiego 55\/1, 60-521 Pozna\u0144, Poland <\/li><li>REGON: 543896303<\/li><li>NIP: 7812104791<\/li><\/ul>\t\t\t\t\t\t\t\t<\/div>\n\t\t\t\t<\/div>\n\t\t\t\t\t<\/div>\n\t\t\t\t<\/div>\n\t\t<div class=\"wd-negative-gap elementor-element elementor-element-86d7022 e-flex e-con-boxed e-con e-parent\" data-id=\"86d7022\" data-element_type=\"container\" data-e-type=\"container\">\n\t\t\t\t\t<div class=\"e-con-inner\">\n\t\t<div class=\"elementor-element elementor-element-66caf7f e-con-full e-flex e-con e-child\" data-id=\"66caf7f\" data-element_type=\"container\" data-e-type=\"container\">\n\t\t\t\t<div class=\"elementor-element elementor-element-7733932 elementor-widget elementor-widget-heading\" data-id=\"7733932\" data-element_type=\"widget\" data-e-type=\"widget\" data-widget_type=\"heading.default\">\n\t\t\t\t\t<h2 class=\"elementor-heading-title elementor-size-default\">Editorial responsibility<\/h2>\t\t\t\t<\/div>\n\t\t\t\t<div class=\"elementor-element elementor-element-97bf0b0 checklist color-scheme-inherit text-left elementor-widget elementor-widget-text-editor\" data-id=\"97bf0b0\" data-element_type=\"widget\" data-e-type=\"widget\" data-widget_type=\"text-editor.default\">\n\t\t\t\t\t\t\t\t\t<p>Responsible for content according to \u00a710 paragraph 3 MDStV: ISAD E-COMMERCE SP\u00d3\u0141KA Z OGRANICZON\u0104 ODPOWIEDZIALNO\u015aCI\u0104<\/p>\t\t\t\t\t\t\t\t<\/div>\n\t\t\t\t<\/div>\n\t\t<div class=\"elementor-element elementor-element-b0e5e8a e-con-full e-flex e-con e-child\" data-id=\"b0e5e8a\" data-element_type=\"container\" data-e-type=\"container\">\n\t\t\t\t<div class=\"elementor-element elementor-element-f23261a elementor-widget elementor-widget-heading\" data-id=\"f23261a\" data-element_type=\"widget\" data-e-type=\"widget\" data-widget_type=\"heading.default\">\n\t\t\t\t\t<h2 class=\"elementor-heading-title elementor-size-default\">Picture credits<\/h2>\t\t\t\t<\/div>\n\t\t\t\t<div class=\"elementor-element elementor-element-6e8e225 checklist color-scheme-inherit text-left elementor-widget elementor-widget-text-editor\" data-id=\"6e8e225\" data-element_type=\"widget\" data-e-type=\"widget\" data-widget_type=\"text-editor.default\">\n\t\t\t\t\t\t\t\t\t<p>Image source: Adobe Stock &#8211; <a href=\"https:\/\/stock.adobe.com\/\" target=\"_blank\" rel=\"noopener\">stock.adobe.com <\/a> <\/p>\t\t\t\t\t\t\t\t<\/div>\n\t\t\t\t<\/div>\n\t\t\t\t\t<\/div>\n\t\t\t\t<\/div>\n\t\t\t\t<\/div>\n\t\t","protected":false},"excerpt":{"rendered":"<p>Imprint Contact Details E-mail: info@glowingpeptides.com Phone: +48785886388 Company Data Shop Name: Glowing Peptides Legal company name: ISAD E-COMMERCE SP\u00d3\u0141KA Z<\/p>\n","protected":false},"author":1,"featured_media":0,"parent":0,"menu_order":0,"comment_status":"closed","ping_status":"closed","template":"","meta":{"footnotes":""},"class_list":["post-12979","page","type-page","status-publish","hentry"],"yoast_head":"<!-- This site is optimized with the Yoast SEO plugin v27.1 - https:\/\/yoast.com\/product\/yoast-seo-wordpress\/ -->\n<title>Imprint - Glowing Peptides<\/title>\n<meta name=\"description\" content=\"Imprint of Glowing Peptides: Provider identification of ISAD E-Commerce sp. z o.o., address in Pozna\u0144 as well as contact by e-mail and telephone.\" \/>\n<meta name=\"robots\" content=\"index, follow, max-snippet:-1, max-image-preview:large, max-video-preview:-1\" \/>\n<link rel=\"canonical\" href=\"https:\/\/www.glowingpeptides.com\/en\/imprint\/\" \/>\n<meta property=\"og:locale\" content=\"en_US\" \/>\n<meta property=\"og:type\" content=\"article\" \/>\n<meta property=\"og:title\" content=\"Imprint - Glowing Peptides\" \/>\n<meta property=\"og:description\" content=\"Imprint of Glowing Peptides: Provider identification of ISAD E-Commerce sp. z o.o., address in Pozna\u0144 as well as contact by e-mail and telephone.\" \/>\n<meta property=\"og:url\" content=\"https:\/\/www.glowingpeptides.com\/en\/imprint\/\" \/>\n<meta property=\"og:site_name\" content=\"Glowing Peptides\" \/>\n<meta property=\"article:modified_time\" content=\"2026-04-02T10:18:18+00:00\" \/>\n<meta name=\"twitter:card\" content=\"summary_large_image\" \/>\n<meta name=\"twitter:label1\" content=\"Est. reading time\" \/>\n\t<meta name=\"twitter:data1\" content=\"1 minute\" \/>\n<script type=\"application\/ld+json\" class=\"yoast-schema-graph\">{\"@context\":\"https:\/\/schema.org\",\"@graph\":[{\"@type\":\"WebPage\",\"@id\":\"https:\/\/www.glowingpeptides.com\/en\/imprint\/\",\"url\":\"https:\/\/www.glowingpeptides.com\/en\/imprint\/\",\"name\":\"Imprint - Glowing Peptides\",\"isPartOf\":{\"@id\":\"https:\/\/www.glowingpeptides.com\/en\/#website\"},\"datePublished\":\"2026-01-27T12:16:24+00:00\",\"dateModified\":\"2026-04-02T10:18:18+00:00\",\"description\":\"Imprint of Glowing Peptides: Provider identification of ISAD E-Commerce sp. z o.o., address in Pozna\u0144 as well as contact by e-mail and telephone.\",\"breadcrumb\":{\"@id\":\"https:\/\/www.glowingpeptides.com\/en\/imprint\/#breadcrumb\"},\"inLanguage\":\"en-US\",\"potentialAction\":[{\"@type\":\"ReadAction\",\"target\":[\"https:\/\/www.glowingpeptides.com\/en\/imprint\/\"]}]},{\"@type\":\"BreadcrumbList\",\"@id\":\"https:\/\/www.glowingpeptides.com\/en\/imprint\/#breadcrumb\",\"itemListElement\":[{\"@type\":\"ListItem\",\"position\":1,\"name\":\"Start\",\"item\":\"https:\/\/www.glowingpeptides.com\/en\/\"},{\"@type\":\"ListItem\",\"position\":2,\"name\":\"Imprint\"}]},{\"@type\":\"WebSite\",\"@id\":\"https:\/\/www.glowingpeptides.com\/en\/#website\",\"url\":\"https:\/\/www.glowingpeptides.com\/en\/\",\"name\":\"Glowing Peptides\",\"description\":\"\",\"publisher\":{\"@id\":\"https:\/\/www.glowingpeptides.com\/en\/#organization\"},\"potentialAction\":[{\"@type\":\"SearchAction\",\"target\":{\"@type\":\"EntryPoint\",\"urlTemplate\":\"https:\/\/www.glowingpeptides.com\/en\/?s={search_term_string}\"},\"query-input\":{\"@type\":\"PropertyValueSpecification\",\"valueRequired\":true,\"valueName\":\"search_term_string\"}}],\"inLanguage\":\"en-US\"},{\"@type\":\"Organization\",\"@id\":\"https:\/\/www.glowingpeptides.com\/en\/#organization\",\"name\":\"Glowing Peptides\",\"url\":\"https:\/\/www.glowingpeptides.com\/en\/\",\"logo\":{\"@type\":\"ImageObject\",\"inLanguage\":\"en-US\",\"@id\":\"https:\/\/www.glowingpeptides.com\/en\/#\/schema\/logo\/image\/\",\"url\":\"https:\/\/www.glowingpeptides.com\/wp-content\/uploads\/2026\/01\/glowing-peptides-logo-600x259-1.png\",\"contentUrl\":\"https:\/\/www.glowingpeptides.com\/wp-content\/uploads\/2026\/01\/glowing-peptides-logo-600x259-1.png\",\"width\":600,\"height\":259,\"caption\":\"Glowing Peptides\"},\"image\":{\"@id\":\"https:\/\/www.glowingpeptides.com\/en\/#\/schema\/logo\/image\/\"}}]}<\/script>\n<!-- \/ Yoast SEO plugin. -->","yoast_head_json":{"title":"Imprint - Glowing Peptides","description":"Imprint of Glowing Peptides: Provider identification of ISAD E-Commerce sp. z o.o., address in Pozna\u0144 as well as contact by e-mail and telephone.","robots":{"index":"index","follow":"follow","max-snippet":"max-snippet:-1","max-image-preview":"max-image-preview:large","max-video-preview":"max-video-preview:-1"},"canonical":"https:\/\/www.glowingpeptides.com\/en\/imprint\/","og_locale":"en_US","og_type":"article","og_title":"Imprint - Glowing Peptides","og_description":"Imprint of Glowing Peptides: Provider identification of ISAD E-Commerce sp. z o.o., address in Pozna\u0144 as well as contact by e-mail and telephone.","og_url":"https:\/\/www.glowingpeptides.com\/en\/imprint\/","og_site_name":"Glowing Peptides","article_modified_time":"2026-04-02T10:18:18+00:00","twitter_card":"summary_large_image","twitter_misc":{"Est. reading time":"1 minute"},"schema":{"@context":"https:\/\/schema.org","@graph":[{"@type":"WebPage","@id":"https:\/\/www.glowingpeptides.com\/en\/imprint\/","url":"https:\/\/www.glowingpeptides.com\/en\/imprint\/","name":"Imprint - Glowing Peptides","isPartOf":{"@id":"https:\/\/www.glowingpeptides.com\/en\/#website"},"datePublished":"2026-01-27T12:16:24+00:00","dateModified":"2026-04-02T10:18:18+00:00","description":"Imprint of Glowing Peptides: Provider identification of ISAD E-Commerce sp. z o.o., address in Pozna\u0144 as well as contact by e-mail and telephone.","breadcrumb":{"@id":"https:\/\/www.glowingpeptides.com\/en\/imprint\/#breadcrumb"},"inLanguage":"en-US","potentialAction":[{"@type":"ReadAction","target":["https:\/\/www.glowingpeptides.com\/en\/imprint\/"]}]},{"@type":"BreadcrumbList","@id":"https:\/\/www.glowingpeptides.com\/en\/imprint\/#breadcrumb","itemListElement":[{"@type":"ListItem","position":1,"name":"Start","item":"https:\/\/www.glowingpeptides.com\/en\/"},{"@type":"ListItem","position":2,"name":"Imprint"}]},{"@type":"WebSite","@id":"https:\/\/www.glowingpeptides.com\/en\/#website","url":"https:\/\/www.glowingpeptides.com\/en\/","name":"Glowing Peptides","description":"","publisher":{"@id":"https:\/\/www.glowingpeptides.com\/en\/#organization"},"potentialAction":[{"@type":"SearchAction","target":{"@type":"EntryPoint","urlTemplate":"https:\/\/www.glowingpeptides.com\/en\/?s={search_term_string}"},"query-input":{"@type":"PropertyValueSpecification","valueRequired":true,"valueName":"search_term_string"}}],"inLanguage":"en-US"},{"@type":"Organization","@id":"https:\/\/www.glowingpeptides.com\/en\/#organization","name":"Glowing Peptides","url":"https:\/\/www.glowingpeptides.com\/en\/","logo":{"@type":"ImageObject","inLanguage":"en-US","@id":"https:\/\/www.glowingpeptides.com\/en\/#\/schema\/logo\/image\/","url":"https:\/\/www.glowingpeptides.com\/wp-content\/uploads\/2026\/01\/glowing-peptides-logo-600x259-1.png","contentUrl":"https:\/\/www.glowingpeptides.com\/wp-content\/uploads\/2026\/01\/glowing-peptides-logo-600x259-1.png","width":600,"height":259,"caption":"Glowing Peptides"},"image":{"@id":"https:\/\/www.glowingpeptides.com\/en\/#\/schema\/logo\/image\/"}}]}},"_links":{"self":[{"href":"https:\/\/www.glowingpeptides.com\/en\/wp-json\/wp\/v2\/pages\/12979","targetHints":{"allow":["GET"]}}],"collection":[{"href":"https:\/\/www.glowingpeptides.com\/en\/wp-json\/wp\/v2\/pages"}],"about":[{"href":"https:\/\/www.glowingpeptides.com\/en\/wp-json\/wp\/v2\/types\/page"}],"author":[{"embeddable":true,"href":"https:\/\/www.glowingpeptides.com\/en\/wp-json\/wp\/v2\/users\/1"}],"replies":[{"embeddable":true,"href":"https:\/\/www.glowingpeptides.com\/en\/wp-json\/wp\/v2\/comments?post=12979"}],"version-history":[{"count":11,"href":"https:\/\/www.glowingpeptides.com\/en\/wp-json\/wp\/v2\/pages\/12979\/revisions"}],"predecessor-version":[{"id":15281,"href":"https:\/\/www.glowingpeptides.com\/en\/wp-json\/wp\/v2\/pages\/12979\/revisions\/15281"}],"wp:attachment":[{"href":"https:\/\/www.glowingpeptides.com\/en\/wp-json\/wp\/v2\/media?parent=12979"}],"curies":[{"name":"wp","href":"https:\/\/api.w.org\/{rel}","templated":true}]}}